{"id":2643,"date":"2017-12-11T09:39:58","date_gmt":"2017-12-11T07:39:58","guid":{"rendered":"http:\/\/indieplace.indiedays.com\/?page_id=2643"},"modified":"2021-05-11T10:02:24","modified_gmt":"2021-05-11T07:02:24","slug":"kayttoehdot","status":"publish","type":"page","link":"https:\/\/www.indieplace.fi\/en\/kayttoehdot\/","title":{"rendered":"Terms of use"},"content":{"rendered":"<div data-elementor-type=\"wp-page\" data-elementor-id=\"2643\" class=\"elementor elementor-2643\" data-elementor-post-type=\"page\">\n\t\t\t\t\t\t<section class=\"elementor-section elementor-top-section elementor-element elementor-element-76dfeb1 elementor-section-height-min-height elementor-section-boxed elementor-section-height-default elementor-section-items-middle\" data-id=\"76dfeb1\" data-element_type=\"section\" data-e-type=\"section\" data-settings=\"{&quot;background_background&quot;:&quot;classic&quot;}\">\n\t\t\t\t\t\t<div class=\"elementor-container elementor-column-gap-default\">\n\t\t\t\t\t<div class=\"elementor-column elementor-col-50 elementor-top-column elementor-element elementor-element-cad7c53\" data-id=\"cad7c53\" data-element_type=\"column\" data-e-type=\"column\">\n\t\t\t<div class=\"elementor-widget-wrap\">\n\t\t\t\t\t\t\t<\/div>\n\t\t<\/div>\n\t\t\t\t<div class=\"elementor-column elementor-col-50 elementor-top-column elementor-element elementor-element-6d333bd\" data-id=\"6d333bd\" data-element_type=\"column\" data-e-type=\"column\">\n\t\t\t<div class=\"elementor-widget-wrap elementor-element-populated\">\n\t\t\t\t\t\t<div class=\"elementor-element elementor-element-7389f8c elementor-widget elementor-widget-heading\" data-id=\"7389f8c\" data-element_type=\"widget\" data-e-type=\"widget\" data-widget_type=\"heading.default\">\n\t\t\t\t<div class=\"elementor-widget-container\">\n\t\t\t\t\t<h2 class=\"elementor-heading-title elementor-size-default\">Terms of use<\/h2>\t\t\t\t<\/div>\n\t\t\t\t<\/div>\n\t\t\t\t\t<\/div>\n\t\t<\/div>\n\t\t\t\t\t<\/div>\n\t\t<\/section>\n\t\t\t\t<section class=\"elementor-section elementor-top-section elementor-element elementor-element-01c3766 elementor-section-boxed elementor-section-height-default elementor-section-height-default\" data-id=\"01c3766\" data-element_type=\"section\" data-e-type=\"section\">\n\t\t\t\t\t\t<div class=\"elementor-container elementor-column-gap-default\">\n\t\t\t\t\t<div class=\"elementor-column elementor-col-100 elementor-top-column elementor-element elementor-element-0b701aa\" data-id=\"0b701aa\" data-element_type=\"column\" data-e-type=\"column\">\n\t\t\t<div class=\"elementor-widget-wrap elementor-element-populated\">\n\t\t\t\t\t\t<div class=\"elementor-element elementor-element-b354191 elementor-widget elementor-widget-text-editor\" data-id=\"b354191\" data-element_type=\"widget\" data-e-type=\"widget\" data-widget_type=\"text-editor.default\">\n\t\t\t\t<div class=\"elementor-widget-container\">\n\t\t\t\t\t\t\t\t\t<p><strong>YLEIST\u00c4<\/strong><br \/>N\u00e4it\u00e4 verkkopalveluiden k\u00e4ytt\u00f6ehtoja sovelletaan Indieplace Oy:n tuottamaan verkkopalveluun ja verkkopalvelun sis\u00e4lt\u00f6ihin (j\u00e4ljemp\u00e4n\u00e4 \u201cPalvelu\u201d). Palvelun k\u00e4ytt\u00f6 edellytt\u00e4\u00e4, ett\u00e4 Palvelun k\u00e4ytt\u00e4j\u00e4 (j\u00e4ljemp\u00e4n\u00e4 \u201dK\u00e4ytt\u00e4j\u00e4\u201d) sitoutuu noudattamaan n\u00e4it\u00e4 k\u00e4ytt\u00f6ehtoja. Palvelu toimii domaineilla Foodlover.fi, Indiedays.com ja Lifie.fi sek\u00e4 Lookbook.fi, Beautybox.fi, Motivation.fi ja Livingspace.fi (j\u00e4ljemp\u00e4n\u00e4 \u201dSivusto\u201d). Portaalien alidomaineilla julkaistaan blogeja (j\u00e4ljemp\u00e4n\u00e4 \u201dBlogi\u201d). Indieplace on oikeutettu yksipuolisesti muuttamaan n\u00e4it\u00e4 k\u00e4ytt\u00f6ehtoja ilmoittamalla muutoksista Sivustolla 10 p\u00e4iv\u00e4\u00e4 ennen muutosten voimaan astumista. Viranomaisten m\u00e4\u00e4r\u00e4yksist\u00e4 aiheutuvat muutokset k\u00e4ytt\u00f6oikeuksissa astuvat kuitenkin voimaan v\u00e4litt\u00f6m\u00e4sti niiden voimaantulohetken\u00e4.<\/p><p><strong>PALVELUN SIS\u00c4LT\u00d6<\/strong><br \/>Indieplace pyrkii siihen, ett\u00e4 Palvelu on laadultaan moitteeton. Indieplace vastaa Palveluun itse toimittamansa aineiston sis\u00e4ll\u00f6st\u00e4, lainmukaisuudesta, hyv\u00e4n tavan mukaisuudesta, tekij\u00e4noikeuksista ja muista immateriaalioikeuksista. Indieplace ei vastaa Palvelun muusta sis\u00e4ll\u00f6st\u00e4 eik\u00e4 muusta Palvelun kautta tai avulla toimitettavasta tai saatavasta sis\u00e4ll\u00f6st\u00e4. Blogien sis\u00e4ll\u00f6st\u00e4 vastaavat Blogien kirjoittajat. Indieplace ei my\u00f6sk\u00e4\u00e4n vastaa Palvelun keskustelu- tai muilla vastaavilla palstoilla esitetyist\u00e4 mielipiteist\u00e4 tai kommenteista. K\u00e4ytt\u00e4j\u00e4 vastaanottaa Palvelun ja k\u00e4ytt\u00e4\u00e4 sit\u00e4 omalla vastuullaan vastaten Palvelun k\u00e4ytt\u00e4miseksi tarpeellisten laitteiden, yhteyksien ja ohjelmistojen hankkimisesta ja tietoturvasta. K\u00e4ytt\u00e4j\u00e4 ei saa yhdist\u00e4\u00e4 tai k\u00e4ytt\u00e4\u00e4 palveluja siten, ett\u00e4 siit\u00e4 aiheutuu kohtuutonta kuormitusta tai muuta haittaa verkolle, muille k\u00e4ytt\u00e4jille tai kolmansille osapuolille. K\u00e4ytt\u00e4j\u00e4 saa Palveluun n\u00e4iden k\u00e4ytt\u00f6ehtojen mukaisen rajoitetun k\u00e4ytt\u00f6oikeuden. K\u00e4ytt\u00e4j\u00e4ll\u00e4 ei ole oikeutta taltioida, esitt\u00e4\u00e4 julkisesti, v\u00e4litt\u00e4\u00e4, edelleen l\u00e4hett\u00e4\u00e4 tai k\u00e4ytt\u00e4\u00e4 Palvelua tai sen kautta vastaanottamiaan sis\u00e4lt\u00f6j\u00e4 tai niiden osaa muutoin kuin n\u00e4iden k\u00e4ytt\u00f6ehtojen ja tekij\u00e4noikeuslain mukaisesti. K\u00e4ytt\u00e4j\u00e4 ei saa k\u00e4ytt\u00e4\u00e4 palveluja Indieplacen, Blogien kirjoittajien tai kolmansien osapuolien tekij\u00e4n- tai muita oikeuksia loukaten.<\/p><p><b>VASTUURAJOITUS<\/b><br \/>Indieplace ei vastaa Palvelussa olevan virheellisen, puutteellisen tai tulkinnanvaraisen tiedon k\u00e4ytt\u00e4misest\u00e4 K\u00e4ytt\u00e4j\u00e4lle mahdollisesti aiheutuvista vahingoista. Palvelussa annettavia tietoja, ohjeita tai neuvoja ei muutenkaan ole tarkoitettu l\u00e4\u00e4ketieteellisiksi, kaupallisiksi tai muunkaltaisiksi Indieplacea sitoviksi tiedoiksi, ohjeiksi tai neuvoiksi, eik\u00e4 niiden perusteella siten voi esitt\u00e4\u00e4 Indieplacea kohtaan vaatimuksia. Indieplace ei my\u00f6sk\u00e4\u00e4n ole vastuussa K\u00e4ytt\u00e4j\u00e4lle Palvelun k\u00e4yt\u00f6n estymisest\u00e4 tai Palvelussa olevista virheist\u00e4 tai puutteellisuuksista eik\u00e4 K\u00e4ytt\u00e4j\u00e4n laitteisiin tai ohjelmistoihin tulevista vioista tai h\u00e4iri\u00f6ist\u00e4, jotka johtuvat mm. ylivoimaisesta esteest\u00e4, K\u00e4ytt\u00e4j\u00e4n toimesta tapahtuvasta palvelun v\u00e4\u00e4r\u00e4nlaisesta k\u00e4yt\u00f6st\u00e4 tai huolimattomuudesta, K\u00e4ytt\u00e4j\u00e4n tai kolmannen osapuolen vastuulle kuuluvasta seikasta tai muusta Indieplacen vaikutuspiirin ulkopuolella olevasta seikasta taikka Palvelun huolto- ja yll\u00e4pitotoimenpiteist\u00e4 aiheutuvista h\u00e4iri\u00f6ist\u00e4. Indieplace ei vastaa toisen palveluntarjoajan palvelusta tai sis\u00e4ll\u00f6st\u00e4 milt\u00e4\u00e4n osin huolimatta siit\u00e4, ett\u00e4 t\u00e4h\u00e4n palveluun p\u00e4\u00e4see Palvelun kautta linkill\u00e4 tai muulla tavoin.<\/p><p><b>PALVELUN K\u00c4YTETT\u00c4VYYS<\/b><br \/>Indieplace tekee parhaansa, jotta Palvelu olisi k\u00e4yt\u00f6ss\u00e4 jatkuvasti ja h\u00e4iri\u00f6tt\u00e4. Indieplace ei kuitenkaan anna mit\u00e4\u00e4n suoranaisia tai v\u00e4lillisi\u00e4 takuita Palvelun toiminnasta tai piirteist\u00e4 eik\u00e4 takaa, ett\u00e4 Palvelu toimii k\u00e4ytt\u00f6katkoitta ja virheett\u00f6m\u00e4sti. Indieplace ei my\u00f6sk\u00e4\u00e4n vastaa palveluun talletetun tiedon muuttumisesta tai katoamisesta eik\u00e4 kolmansista osapuolista johtuvista tiedonsiirtoon liittyvist\u00e4 ongelmista, h\u00e4iri\u00f6ist\u00e4 tai katkoksista. Indieplacella on oikeus keskeytt\u00e4\u00e4 Palvelu sen muutoksen, uudistuksen tai Palveluun liittyv\u00e4n teknisen syyn vuoksi tai tietoliikenneverkon huoltoty\u00f6n tai muun sen kaltaisen syyn vuoksi tai kun lains\u00e4\u00e4d\u00e4nt\u00f6 tai viranomaism\u00e4\u00e4r\u00e4ys sit\u00e4 edellytt\u00e4\u00e4. Indieplace pyrkii ilmoittamaan keskeytyksist\u00e4 etuk\u00e4teen Sivustolla. Indieplacella on oikeus poistaa Palvelusta sis\u00e4lt\u00f6, jonka Indieplace katsoo tai kolmas osapuoli tai viranomainen osoittaa loukkaavan tai joka ilmeisesti loukkaa lakia, hyv\u00e4\u00e4 tapaa tai kolmannen osapuolen suojattuja oikeuksia tai joka haittaa tai kohtuuttomasti kuormittaa Palvelua tai verkkoa, uhkaa verkon tai Palvelun tietoturvaa, haittaa muita k\u00e4ytt\u00e4ji\u00e4 tai Indiedaysia taikka on muutoin n\u00e4iden k\u00e4ytt\u00f6ehtojen vastainen.<\/p><p><b>TIETOTURVA<\/b><br \/>K\u00e4ytt\u00e4j\u00e4 on tietoinen siit\u00e4, ett\u00e4 avoimen tietoverkon k\u00e4ytt\u00f6 sis\u00e4lt\u00e4\u00e4 tietoturvariskin. Indieplace ei vastaa K\u00e4ytt\u00e4j\u00e4n tietoturvasta Palvelua k\u00e4ytett\u00e4ess\u00e4. K\u00e4ytt\u00e4j\u00e4 vastaa itse K\u00e4ytt\u00e4j\u00e4n tietokoneiden, tietoj\u00e4rjestelmien ja l\u00e4hiverkon tietoturvasta. K\u00e4ytt\u00e4j\u00e4 vastaa riitt\u00e4m\u00e4tt\u00f6m\u00e4n suojauksen seurauksista sek\u00e4 K\u00e4ytt\u00e4j\u00e4n tuottamuksesta verkkoon tulleiden tai verkon kautta levinneiden virusten ja muiden vastaavien haittojen Indieplacelle, k\u00e4ytt\u00e4jille tai kolmansille osapuolille aiheuttamista vahingoista. Indieplace s\u00e4ilytt\u00e4\u00e4 kaikki K\u00e4ytt\u00e4j\u00e4\u00e4 koskevat tiedot luottamuksellisina suojatulla palvelimella. Indieplace j\u00e4rjest\u00e4\u00e4 Palvelun tietoturvan hyv\u00e4ksytt\u00e4v\u00e4ll\u00e4 tavalla ja tehokkaasti ja pyrkii asianmukaisin teknisin ratkaisuin est\u00e4m\u00e4\u00e4n asiattomien p\u00e4\u00e4syn tietoj\u00e4rjestelmiins\u00e4. Indieplace ei kuitenkaan takaa t\u00e4ydellist\u00e4 tietoturvaa.<\/p><p><b>K\u00c4YTT\u00c4J\u00c4N VASTUU<\/b><br \/>K\u00e4ytt\u00e4j\u00e4 vastaa Palvelun k\u00e4yt\u00f6st\u00e4 sek\u00e4 Palveluun toimittamastaan tai sen kautta muille k\u00e4ytt\u00e4jille ja muihin tietoverkkoihin jakamastaan materiaalista ja siit\u00e4, ettei Palvelun k\u00e4ytt\u00f6 tai kyseinen materiaali loukkaa kolmannen osapuolen tekij\u00e4n-, teollis- ja muita suojattuja oikeuksista tai ole n\u00e4iden k\u00e4ytt\u00f6ehtojen, lain tai hyv\u00e4n tavan vastaista tai aiheuta haittaa tai h\u00e4iri\u00f6t\u00e4 verkolle, Indieplacelle, Indieplacen sopimuskumppaneille, muille k\u00e4ytt\u00e4jille tai kolmansille osapuolille. K\u00e4ytt\u00e4j\u00e4 sitoutuu korvaamaan Indieplacelle tai kolmannelle osapuolelle Palvelun t\u00e4m\u00e4n kohdan vastaisesta k\u00e4yt\u00f6st\u00e4 mahdollisesti aiheutuvat kustannukset ja vahingot, sek\u00e4 vastaa Palveluun toimittamansa aineiston oikeudenhaltijoiden tai kolmansien osapuolten esitt\u00e4miin korvausvaatimuksiin vastaamisesta. Mik\u00e4li K\u00e4ytt\u00e4j\u00e4 toimittaa Palveluun kuva- tai videomateriaalia, K\u00e4ytt\u00e4j\u00e4 vastaa siit\u00e4, ett\u00e4 h\u00e4nell\u00e4 on kaikki tarvittavat tekij\u00e4n- ja muut oikeudet l\u00e4hett\u00e4m\u00e4\u00e4ns\u00e4 materiaaliin, tai n\u00e4iden oikeuksienhaltijoiden lupa materiaalin k\u00e4ytt\u00f6\u00f6n. Indieplacella on oikeus poistaa Palvelusta sellainen sis\u00e4lt\u00f6, jonka se katsoo olevan vastoin lakia, hyvi\u00e4 tapoja tai muuten sopimatonta tai kolmannen osapuolen oikeuksia loukkaavaa.<\/p><p><strong>OIKEUDET PALVELUUN JA PALVELUN SIS\u00c4LT\u00d6\u00d6N<\/strong><br \/>K\u00e4ytt\u00e4j\u00e4 saa oikeuden k\u00e4ytt\u00e4\u00e4 Palvelua n\u00e4iden k\u00e4ytt\u00f6ehtojen mukaisesti omiin tarkoituksiinsa. K\u00e4ytt\u00e4j\u00e4ll\u00e4 ei ole oikeutta valmistaa Palvelun sis\u00e4ll\u00f6st\u00e4 kopioita eik\u00e4 saattaa sen sis\u00e4lt\u00f6\u00e4 tai sis\u00e4ll\u00f6n osaa yleis\u00f6n saataville tietoverkon kautta tai muulla tavoin ilman Indieplacen etuk\u00e4teen antamaa kirjallista lupaa. Palvelun sis\u00e4lt\u00e4m\u00e4n materiaalin tekij\u00e4n-, teollis- ja muut suojatut oikeudet ovat Indieplacella, sen sopimuskumppaneilla sek\u00e4 Blogien kirjoittajilla. K\u00e4ytt\u00e4j\u00e4n toimittaman materiaalin tekij\u00e4noikeus s\u00e4ilyy K\u00e4ytt\u00e4j\u00e4ll\u00e4. Indieplacella on kuitenkin oikeus korvauksetta muunnella, k\u00e4ytt\u00e4\u00e4, linkitt\u00e4\u00e4 ja uudelleen julkaista K\u00e4ytt\u00e4j\u00e4n Palvelun kautta Sivustolle l\u00e4hett\u00e4m\u00e4\u00e4 tai v\u00e4litt\u00e4m\u00e4\u00e4 aineistoa Palvelussa, sen markkinoinnissa ja muussa liiketoiminnassaan.<\/p><p><strong>K\u00c4YTT\u00c4J\u00c4N TIEDOT<\/strong><br \/>Indieplace ker\u00e4\u00e4 K\u00e4ytt\u00e4j\u00e4n Blogiuutisten tilaamisen yhteydess\u00e4 ilmoittamat tiedot Indieplacen tilaajarekisteriin. Tilaajarekisterin tietoja k\u00e4ytet\u00e4\u00e4n Blogiuutisten toimittamiseen K\u00e4ytt\u00e4j\u00e4lle. Blogiuutiset voivat sis\u00e4lt\u00e4\u00e4 mainoksia ja muuta kaupallista sis\u00e4lt\u00f6\u00e4. Rekisterinpit\u00e4j\u00e4 on Indieplace Oy. Rekisteriseloste on saatavilla Sivustolla. Indieplace voi luovuttaa Tilaajarekisterin tietoja kolmannelle osapuolelle ainoastaan henkil\u00f6tietolain mukaisesti. Indieplace vastaa siit\u00e4, ett\u00e4 tietojen k\u00e4ytt\u00f6 ja luovutus tapahtuu lains\u00e4\u00e4d\u00e4nn\u00f6n mukaisesti. K\u00e4ytt\u00e4j\u00e4ll\u00e4 on oikeus kielt\u00e4\u00e4 tietojensa luovuttaminen ja k\u00e4ytt\u00f6 suoramarkkinointiin sek\u00e4 mielipide- ja markkinatutkimuksiin. K\u00e4ytt\u00e4j\u00e4ll\u00e4 on oikeus tarkastaa tilaajarekisteriss\u00e4 olevat tietonsa henkil\u00f6tietolain mukaisesti.<\/p><p><strong>YLIVOIMAINEN ESTE<\/strong><br \/>Indieplace vapautuu n\u00e4iden k\u00e4ytt\u00f6ehtojen mukaisista velvoitteistaan siksi ajaksi ja siin\u00e4 laajuudessa, kun velvoitteiden t\u00e4ytt\u00e4m\u00e4tt\u00e4 j\u00e4tt\u00e4minen johtuu ylivoimaisesta esteest\u00e4, joksi katsotaan sellainen velvoitteiden t\u00e4ytt\u00e4misen est\u00e4v\u00e4 ep\u00e4tavallinen ja asiaan vaikuttava tapahtuma, joka on sopijapuolista riippumaton, ja jonka vaikutuksia ei voida kohtuudella v\u00e4ltt\u00e4\u00e4 tai voittaa. Ylivoimaisena esteen\u00e4 pidet\u00e4\u00e4n esimerkiksi tulipaloa, maanj\u00e4ristyst\u00e4, tulvaa, r\u00e4j\u00e4hdyst\u00e4, lakkoa, viranomaism\u00e4\u00e4r\u00e4yst\u00e4, energian toimituksessa esiintyvi\u00e4 h\u00e4iri\u00f6t\u00e4, ulkopuolisen aiheuttamaa tietoliikenneh\u00e4iri\u00f6t\u00e4 tai muuta sen kaltaista syyt\u00e4, joka ei ole ollut tiedossa ja johon ei ole kohtuudella voitu varautua.<\/p><p><strong>OIKEUKSIEN JA VASTUIDEN SIIRTO<\/strong><br \/>K\u00e4ytt\u00e4j\u00e4ll\u00e4 ei ole oikeutta siirt\u00e4\u00e4 Palvelun k\u00e4ytt\u00f6oikeutta kolmannelle osapuolelle ilman Indieplacen kirjallista suostumusta. Indieplacella on oikeus siirt\u00e4\u00e4 Palvelu tai sen yll\u00e4pito sek\u00e4 siihen liittyv\u00e4t oikeudet ja vastuut yrityskaupan tai liiketoimintakaupan yhteydess\u00e4 toiselle yhti\u00f6lle.<\/p><p><strong>ERIMIELISYYKSIEN RATKAISEMINEN<\/strong><br \/>Palveluun ja n\u00e4ihin k\u00e4ytt\u00f6ehtoihin liittyv\u00e4t erimielisyydet pyrit\u00e4\u00e4n ratkaisemaan ensisijaisesti sopijapuolten v\u00e4lisin neuvotteluin. Mik\u00e4li t\u00e4ss\u00e4 ei onnistuta, ratkaistaan riidat Helsingin k\u00e4r\u00e4j\u00e4oikeudessa. Kuluttaja-asiakkaalla on oikeus nostaa kanne Indieplace Oy:t\u00e4 vastaan oman kotipaikkansa yleisess\u00e4 alioikeudessa. N\u00e4ihin k\u00e4ytt\u00f6ehtoihin sovelletaan Suomen lakia.<\/p><p><strong>EV\u00c4STEIDEN K\u00c4YTT\u00d6<\/strong><br \/>Indieplace k\u00e4ytt\u00e4\u00e4 palveluissaan ev\u00e4steit\u00e4 (englanniksi cookies), joiden avulla seurataan mm. palveluiden k\u00e4vij\u00e4m\u00e4\u00e4ri\u00e4 sek\u00e4 tietoja k\u00e4vij\u00f6iden k\u00e4ytt\u00e4mist\u00e4 selaimista ja k\u00e4ytt\u00f6j\u00e4rjestelm\u00e4st\u00e4. Ev\u00e4ste on pieni tekstitiedosto, jonka selain tallentaa k\u00e4ytt\u00e4j\u00e4n p\u00e4\u00e4telaitteelle. Ev\u00e4steet sis\u00e4lt\u00e4v\u00e4t nimett\u00f6m\u00e4n, yksil\u00f6llisen tunnisteen, jonka avulla voimme tunnistaa ja laskea sivustollamme vierailevat eri selaimet. Indieplacen palvelu asettaa k\u00e4ytt\u00e4j\u00e4n p\u00e4\u00e4telaitteelle ev\u00e4steen, jonka se voi my\u00f6hemmin lukea ja tunnistaa. N\u00e4in syntynytt\u00e4 tietoa voidaan k\u00e4ytt\u00e4\u00e4 selaimen ja palvelimen v\u00e4lisen yhteydenpidon ohjaamiseen esimerkiksi siten, ett\u00e4 verkkopalvelu tarjoaa k\u00e4ytt\u00e4j\u00e4lle h\u00e4nen tarpeitaan vastaavaa sis\u00e4lt\u00f6\u00e4. Ev\u00e4steet tai muut tekniikat eiv\u00e4t vahingoita k\u00e4ytt\u00e4j\u00e4n p\u00e4\u00e4telaitetta tai tiedostoja, eik\u00e4 ev\u00e4steit\u00e4 voi k\u00e4ytt\u00e4\u00e4 ohjelmien k\u00e4ytt\u00e4miseen tai haittaohjelmien levitt\u00e4miseen. Kolmannet osapuolet voivat my\u00f6s asettaa ja hy\u00f6dynt\u00e4\u00e4 ev\u00e4steit\u00e4 esimerkiksi tarjotakseen K\u00e4ytt\u00e4j\u00e4lle kohdennettua ja personalisoitua markkinointia. K\u00e4ytt\u00e4j\u00e4 voi torjua ev\u00e4steet muokkaamalla verkkoselaimensa asetuksia. Mik\u00e4li k\u00e4ytt\u00e4j\u00e4 p\u00e4\u00e4tt\u00e4\u00e4 torjua ev\u00e4steet, k\u00e4ytt\u00e4j\u00e4 ei v\u00e4ltt\u00e4m\u00e4tt\u00e4 voi t\u00e4ysin hy\u00f6dynt\u00e4\u00e4 Indieplacen tarjoamaa verkkopalvelua. <a href=\"http:\/\/www.youronlinechoices.com\/fi\/\" target=\"_new\">Your Online Choices<\/a> \u2013opas kertoo selaink\u00e4ytt\u00f6\u00f6n perustuvasta verkkomainonnasta ja yksityisyydensuojasta verkossa. Sivustolta l\u00f6ytyy tietoa selaink\u00e4ytt\u00f6\u00f6n perustuvan mainonnan toimintaperiaatteista, ev\u00e4steist\u00e4 ja keinoista suojata yksityisyytt\u00e4 Internetiss\u00e4.<\/p>\t\t\t\t\t\t\t\t<\/div>\n\t\t\t\t<\/div>\n\t\t\t\t\t<\/div>\n\t\t<\/div>\n\t\t\t\t\t<\/div>\n\t\t<\/section>\n\t\t\t\t<\/div>","protected":false},"excerpt":{"rendered":"<p>K\u00e4ytt\u00f6ehdot YLEIST\u00c4N\u00e4it\u00e4 verkkopalveluiden k\u00e4ytt\u00f6ehtoja sovelletaan Indieplace Oy:n tuottamaan verkkopalveluun ja verkkopalvelun sis\u00e4lt\u00f6ihin (j\u00e4ljemp\u00e4n\u00e4 \u201cPalvelu\u201d). Palvelun k\u00e4ytt\u00f6 edellytt\u00e4\u00e4, ett\u00e4 Palvelun k\u00e4ytt\u00e4j\u00e4 (j\u00e4ljemp\u00e4n\u00e4 \u201dK\u00e4ytt\u00e4j\u00e4\u201d) sitoutuu noudattamaan n\u00e4it\u00e4 k\u00e4ytt\u00f6ehtoja. Palvelu toimii domaineilla Foodlover.fi, Indiedays.com ja Lifie.fi sek\u00e4 Lookbook.fi, Beautybox.fi, Motivation.fi ja Livingspace.fi (j\u00e4ljemp\u00e4n\u00e4 \u201dSivusto\u201d). Portaalien alidomaineilla julkaistaan blogeja (j\u00e4ljemp\u00e4n\u00e4 \u201dBlogi\u201d). Indieplace on oikeutettu yksipuolisesti muuttamaan n\u00e4it\u00e4 k\u00e4ytt\u00f6ehtoja ilmoittamalla [&hellip;]<\/p>\n","protected":false},"author":1,"featured_media":0,"parent":0,"menu_order":0,"comment_status":"closed","ping_status":"closed","template":"","meta":{"content-type":"","footnotes":""},"class_list":["post-2643","page","type-page","status-publish","hentry"],"yoast_head":"<!-- This site is optimized with the Yoast SEO plugin v26.6 - https:\/\/yoast.com\/wordpress\/plugins\/seo\/ -->\n<title>K\u00e4ytt\u00f6ehdot - Indieplace<\/title>\n<meta name=\"description\" content=\"Katso t\u00e4\u00e4lt\u00e4 Indieplace Oy:n tuottamien verkkopalvelujen yleiset k\u00e4ytt\u00f6ehdot www.indiedays.com, www.lifie.fi ja www.foodlover.fi -sivustoille.\" \/>\n<meta name=\"robots\" content=\"index, follow, max-snippet:-1, max-image-preview:large, max-video-preview:-1\" \/>\n<link rel=\"canonical\" href=\"https:\/\/www.indieplace.fi\/en\/kayttoehdot\/\" \/>\n<meta property=\"og:locale\" content=\"en_GB\" \/>\n<meta property=\"og:type\" content=\"article\" \/>\n<meta property=\"og:title\" content=\"K\u00e4ytt\u00f6ehdot - Indieplace\" \/>\n<meta property=\"og:description\" content=\"Katso t\u00e4\u00e4lt\u00e4 Indieplace Oy:n tuottamien verkkopalvelujen yleiset k\u00e4ytt\u00f6ehdot www.indiedays.com, www.lifie.fi ja www.foodlover.fi -sivustoille.\" \/>\n<meta property=\"og:url\" content=\"https:\/\/www.indieplace.fi\/en\/kayttoehdot\/\" \/>\n<meta property=\"og:site_name\" content=\"Indieplace\" \/>\n<meta property=\"article:modified_time\" content=\"2021-05-11T07:02:24+00:00\" \/>\n<meta name=\"twitter:card\" content=\"summary_large_image\" \/>\n<meta name=\"twitter:label1\" content=\"Estimated reading time\" \/>\n\t<meta name=\"twitter:data1\" content=\"6 minutes\" \/>\n<script type=\"application\/ld+json\" class=\"yoast-schema-graph\">{\"@context\":\"https:\/\/schema.org\",\"@graph\":[{\"@type\":\"WebPage\",\"@id\":\"https:\/\/www.indieplace.fi\/kayttoehdot\/\",\"url\":\"https:\/\/www.indieplace.fi\/kayttoehdot\/\",\"name\":\"K\u00e4ytt\u00f6ehdot - Indieplace\",\"isPartOf\":{\"@id\":\"https:\/\/www.indieplace.fi\/#website\"},\"datePublished\":\"2017-12-11T07:39:58+00:00\",\"dateModified\":\"2021-05-11T07:02:24+00:00\",\"description\":\"Katso t\u00e4\u00e4lt\u00e4 Indieplace Oy:n tuottamien verkkopalvelujen yleiset k\u00e4ytt\u00f6ehdot www.indiedays.com, www.lifie.fi ja www.foodlover.fi -sivustoille.\",\"breadcrumb\":{\"@id\":\"https:\/\/www.indieplace.fi\/kayttoehdot\/#breadcrumb\"},\"inLanguage\":\"en-GB\",\"potentialAction\":[{\"@type\":\"ReadAction\",\"target\":[\"https:\/\/www.indieplace.fi\/kayttoehdot\/\"]}]},{\"@type\":\"BreadcrumbList\",\"@id\":\"https:\/\/www.indieplace.fi\/kayttoehdot\/#breadcrumb\",\"itemListElement\":[{\"@type\":\"ListItem\",\"position\":1,\"name\":\"Home\",\"item\":\"https:\/\/www.indieplace.fi\/\"},{\"@type\":\"ListItem\",\"position\":2,\"name\":\"K\u00e4ytt\u00f6ehdot\"}]},{\"@type\":\"WebSite\",\"@id\":\"https:\/\/www.indieplace.fi\/#website\",\"url\":\"https:\/\/www.indieplace.fi\/\",\"name\":\"Indieplace\",\"description\":\"Indieplacen uusimmat kuulumiset. Lue ja pysy k\u00e4rryill\u00e4 some-ja vaikuttajamarkkinoinnin ajankohtaisista asioista.\",\"publisher\":{\"@id\":\"https:\/\/www.indieplace.fi\/#organization\"},\"potentialAction\":[{\"@type\":\"SearchAction\",\"target\":{\"@type\":\"EntryPoint\",\"urlTemplate\":\"https:\/\/www.indieplace.fi\/?s={search_term_string}\"},\"query-input\":{\"@type\":\"PropertyValueSpecification\",\"valueRequired\":true,\"valueName\":\"search_term_string\"}}],\"inLanguage\":\"en-GB\"},{\"@type\":\"Organization\",\"@id\":\"https:\/\/www.indieplace.fi\/#organization\",\"name\":\"Indieplace\",\"url\":\"https:\/\/www.indieplace.fi\/\",\"logo\":{\"@type\":\"ImageObject\",\"inLanguage\":\"en-GB\",\"@id\":\"https:\/\/www.indieplace.fi\/#\/schema\/logo\/image\/\",\"url\":\"https:\/\/www.indieplace.fi\/wp-content\/uploads\/2021\/01\/cropped-indieplace-logo-circle-white-e1666243724993.png\",\"contentUrl\":\"https:\/\/www.indieplace.fi\/wp-content\/uploads\/2021\/01\/cropped-indieplace-logo-circle-white-e1666243724993.png\",\"width\":300,\"height\":257,\"caption\":\"Indieplace\"},\"image\":{\"@id\":\"https:\/\/www.indieplace.fi\/#\/schema\/logo\/image\/\"},\"sameAs\":[\"https:\/\/www.instagram.com\/indieplace\/\"]}]}<\/script>\n<!-- \/ Yoast SEO plugin. -->","yoast_head_json":{"title":"K\u00e4ytt\u00f6ehdot - Indieplace","description":"Katso t\u00e4\u00e4lt\u00e4 Indieplace Oy:n tuottamien verkkopalvelujen yleiset k\u00e4ytt\u00f6ehdot www.indiedays.com, www.lifie.fi ja www.foodlover.fi -sivustoille.","robots":{"index":"index","follow":"follow","max-snippet":"max-snippet:-1","max-image-preview":"max-image-preview:large","max-video-preview":"max-video-preview:-1"},"canonical":"https:\/\/www.indieplace.fi\/en\/kayttoehdot\/","og_locale":"en_GB","og_type":"article","og_title":"K\u00e4ytt\u00f6ehdot - Indieplace","og_description":"Katso t\u00e4\u00e4lt\u00e4 Indieplace Oy:n tuottamien verkkopalvelujen yleiset k\u00e4ytt\u00f6ehdot www.indiedays.com, www.lifie.fi ja www.foodlover.fi -sivustoille.","og_url":"https:\/\/www.indieplace.fi\/en\/kayttoehdot\/","og_site_name":"Indieplace","article_modified_time":"2021-05-11T07:02:24+00:00","twitter_card":"summary_large_image","twitter_misc":{"Estimated reading time":"6 minutes"},"schema":{"@context":"https:\/\/schema.org","@graph":[{"@type":"WebPage","@id":"https:\/\/www.indieplace.fi\/kayttoehdot\/","url":"https:\/\/www.indieplace.fi\/kayttoehdot\/","name":"K\u00e4ytt\u00f6ehdot - Indieplace","isPartOf":{"@id":"https:\/\/www.indieplace.fi\/#website"},"datePublished":"2017-12-11T07:39:58+00:00","dateModified":"2021-05-11T07:02:24+00:00","description":"Katso t\u00e4\u00e4lt\u00e4 Indieplace Oy:n tuottamien verkkopalvelujen yleiset k\u00e4ytt\u00f6ehdot www.indiedays.com, www.lifie.fi ja www.foodlover.fi -sivustoille.","breadcrumb":{"@id":"https:\/\/www.indieplace.fi\/kayttoehdot\/#breadcrumb"},"inLanguage":"en-GB","potentialAction":[{"@type":"ReadAction","target":["https:\/\/www.indieplace.fi\/kayttoehdot\/"]}]},{"@type":"BreadcrumbList","@id":"https:\/\/www.indieplace.fi\/kayttoehdot\/#breadcrumb","itemListElement":[{"@type":"ListItem","position":1,"name":"Home","item":"https:\/\/www.indieplace.fi\/"},{"@type":"ListItem","position":2,"name":"K\u00e4ytt\u00f6ehdot"}]},{"@type":"WebSite","@id":"https:\/\/www.indieplace.fi\/#website","url":"https:\/\/www.indieplace.fi\/","name":"Indieplace","description":"Indieplacen uusimmat kuulumiset. Lue ja pysy k\u00e4rryill\u00e4 some-ja vaikuttajamarkkinoinnin ajankohtaisista asioista.","publisher":{"@id":"https:\/\/www.indieplace.fi\/#organization"},"potentialAction":[{"@type":"SearchAction","target":{"@type":"EntryPoint","urlTemplate":"https:\/\/www.indieplace.fi\/?s={search_term_string}"},"query-input":{"@type":"PropertyValueSpecification","valueRequired":true,"valueName":"search_term_string"}}],"inLanguage":"en-GB"},{"@type":"Organization","@id":"https:\/\/www.indieplace.fi\/#organization","name":"Indieplace","url":"https:\/\/www.indieplace.fi\/","logo":{"@type":"ImageObject","inLanguage":"en-GB","@id":"https:\/\/www.indieplace.fi\/#\/schema\/logo\/image\/","url":"https:\/\/www.indieplace.fi\/wp-content\/uploads\/2021\/01\/cropped-indieplace-logo-circle-white-e1666243724993.png","contentUrl":"https:\/\/www.indieplace.fi\/wp-content\/uploads\/2021\/01\/cropped-indieplace-logo-circle-white-e1666243724993.png","width":300,"height":257,"caption":"Indieplace"},"image":{"@id":"https:\/\/www.indieplace.fi\/#\/schema\/logo\/image\/"},"sameAs":["https:\/\/www.instagram.com\/indieplace\/"]}]}},"_links":{"self":[{"href":"https:\/\/www.indieplace.fi\/en\/wp-json\/wp\/v2\/pages\/2643","targetHints":{"allow":["GET"]}}],"collection":[{"href":"https:\/\/www.indieplace.fi\/en\/wp-json\/wp\/v2\/pages"}],"about":[{"href":"https:\/\/www.indieplace.fi\/en\/wp-json\/wp\/v2\/types\/page"}],"author":[{"embeddable":true,"href":"https:\/\/www.indieplace.fi\/en\/wp-json\/wp\/v2\/users\/1"}],"replies":[{"embeddable":true,"href":"https:\/\/www.indieplace.fi\/en\/wp-json\/wp\/v2\/comments?post=2643"}],"version-history":[{"count":8,"href":"https:\/\/www.indieplace.fi\/en\/wp-json\/wp\/v2\/pages\/2643\/revisions"}],"predecessor-version":[{"id":7726,"href":"https:\/\/www.indieplace.fi\/en\/wp-json\/wp\/v2\/pages\/2643\/revisions\/7726"}],"wp:attachment":[{"href":"https:\/\/www.indieplace.fi\/en\/wp-json\/wp\/v2\/media?parent=2643"}],"curies":[{"name":"wp","href":"https:\/\/api.w.org\/{rel}","templated":true}]}}