{"id":30963,"date":"2025-02-19T06:48:27","date_gmt":"2025-02-19T04:48:27","guid":{"rendered":"https:\/\/www.indieplace.fi\/?page_id=30963"},"modified":"2025-02-26T08:15:42","modified_gmt":"2025-02-26T06:15:42","slug":"b2b-vaikuttajamarkkinointi","status":"publish","type":"page","link":"https:\/\/www.indieplace.fi\/en\/palvelut\/b2b-vaikuttajamarkkinointi\/","title":{"rendered":"B2B influencer marketing"},"content":{"rendered":"<div data-elementor-type=\"wp-page\" data-elementor-id=\"30963\" class=\"elementor elementor-30963\" data-elementor-post-type=\"page\">\n\t\t\t\t\t\t<section class=\"elementor-section elementor-top-section elementor-element elementor-element-4a753a9 elementor-section-full_width elementor-section-height-full elementor-section-items-stretch elementor-section-stretched elementor-section-height-default\" data-id=\"4a753a9\" data-element_type=\"section\" data-e-type=\"section\" data-settings=\"{&quot;stretch_section&quot;:&quot;section-stretched&quot;}\">\n\t\t\t\t\t\t<div class=\"elementor-container elementor-column-gap-default\">\n\t\t\t\t\t<div class=\"elementor-column elementor-col-50 elementor-top-column elementor-element elementor-element-0875b77\" data-id=\"0875b77\" data-element_type=\"column\" data-e-type=\"column\" data-settings=\"{&quot;background_background&quot;:&quot;classic&quot;}\">\n\t\t\t<div class=\"elementor-widget-wrap elementor-element-populated\">\n\t\t\t\t\t\t<section class=\"elementor-section elementor-inner-section elementor-element elementor-element-c64c9ec elementor-section-full_width elementor-section-height-default elementor-section-height-default\" data-id=\"c64c9ec\" data-element_type=\"section\" data-e-type=\"section\">\n\t\t\t\t\t\t<div class=\"elementor-container elementor-column-gap-default\">\n\t\t\t\t\t<div class=\"elementor-column elementor-col-100 elementor-inner-column elementor-element elementor-element-12a13f7\" data-id=\"12a13f7\" data-element_type=\"column\" data-e-type=\"column\">\n\t\t\t<div class=\"elementor-widget-wrap elementor-element-populated\">\n\t\t\t\t\t\t<div class=\"elementor-element elementor-element-5af51a6 elementor-widget elementor-widget-heading\" data-id=\"5af51a6\" data-element_type=\"widget\" data-e-type=\"widget\" data-widget_type=\"heading.default\">\n\t\t\t\t<div class=\"elementor-widget-container\">\n\t\t\t\t\t<h1 class=\"elementor-heading-title elementor-size-default\">B2B influencer marketing<\/h1>\t\t\t\t<\/div>\n\t\t\t\t<\/div>\n\t\t\t\t<div class=\"elementor-element elementor-element-a874877 elementor-widget elementor-widget-text-editor\" data-id=\"a874877\" data-element_type=\"widget\" data-e-type=\"widget\" data-widget_type=\"text-editor.default\">\n\t\t\t\t<div class=\"elementor-widget-container\">\n\t\t\t\t\t\t\t\t\t<p>LinkedIn, Meta, podcasts, expert publications, blogs, webinars, and live events<\/p>\t\t\t\t\t\t\t\t<\/div>\n\t\t\t\t<\/div>\n\t\t\t\t\t<\/div>\n\t\t<\/div>\n\t\t\t\t\t<\/div>\n\t\t<\/section>\n\t\t\t\t\t<\/div>\n\t\t<\/div>\n\t\t\t\t<div class=\"elementor-column elementor-col-50 elementor-top-column elementor-element elementor-element-bcb491a elementor-hidden-mobile\" data-id=\"bcb491a\" data-element_type=\"column\" data-e-type=\"column\" data-settings=\"{&quot;background_background&quot;:&quot;classic&quot;}\">\n\t\t\t<div class=\"elementor-widget-wrap\">\n\t\t\t\t\t\t\t<\/div>\n\t\t<\/div>\n\t\t\t\t\t<\/div>\n\t\t<\/section>\n\t\t\t\t<section class=\"elementor-section elementor-top-section elementor-element elementor-element-b01613b elementor-section-boxed elementor-section-height-default elementor-section-height-default\" data-id=\"b01613b\" data-element_type=\"section\" data-e-type=\"section\" data-settings=\"{&quot;background_background&quot;:&quot;classic&quot;}\">\n\t\t\t\t\t\t<div class=\"elementor-container elementor-column-gap-default\">\n\t\t\t\t\t<div class=\"elementor-column elementor-col-66 elementor-top-column elementor-element elementor-element-18b57db\" data-id=\"18b57db\" data-element_type=\"column\" data-e-type=\"column\">\n\t\t\t<div class=\"elementor-widget-wrap elementor-element-populated\">\n\t\t\t\t\t\t<div class=\"elementor-element elementor-element-dded041 elementor-widget elementor-widget-text-editor\" data-id=\"dded041\" data-element_type=\"widget\" data-e-type=\"widget\" data-widget_type=\"text-editor.default\">\n\t\t\t\t<div class=\"elementor-widget-container\">\n\t\t\t\t\t\t\t\t\t<p><strong>B2B influencer marketing is a powerful way to highlight your company\u2019s unique value propositions and strengthen brand perception. Influencer marketing isn\u2019t just for B2C brands\u2014authentic storytelling, human connection, strategic content creation, and industry expertise are just as crucial in the B2B space.<\/strong><\/p><p>With the right influencers, you can build trust and credibility while reaching decision-makers and experts in the channels they actively engage with. Influencer content can be seamlessly integrated into the sales process and employer branding, supporting both business goals and recruitment efforts.\n\nDecision-makers don\u2019t click on cold ads\u2014but they do listen to industry experts and value peer recommendations. When B2B influencer marketing is executed strategically, it helps companies stand out from competitors, strengthen their authority, and accelerate purchasing decisions.<\/p><p>In addition to traditional social media creators, influencers can also include industry experts, researchers, authors, speakers, or even a company\u2019s own employees.<\/p><p><strong>B2B influencer marketing channels:<\/strong><\/p><p>The key channels for B2B influencer marketing are:<\/p><p><strong>LinkedIn<\/strong> \u2013 the top channel for decision-makers, where expert content and influencer communication work effectively.<\/p><p><strong>Podcasts<\/strong> \u2013 offer in-depth content and reach an engaged audience.<\/p><p><strong>Webinars and live events<\/strong> \u2013 enable direct interaction and in-depth discussions.<\/p><p><strong>Blogs and expert publications<\/strong> \u2013 provide SEO-optimized, long-lasting content.<\/p><p><strong>Meta (Facebook &amp; Instagram)<\/strong> \u2013 supports targeted B2B advertising and remarketing.<\/p><p>At Indieplace, we bring strategy, creativity, and targeted effectiveness to B2B influencer marketing. Contact us at myynti@indieplace.fi, and together we'll find the best influencers for your company and make B2B marketing work <strong>genuinely impactful.<\/strong>.<\/p><p>Are you an expert in your field or topic? You can apply to join our B2B influencer network. <a href=\"https:\/\/webforms.pipedrive.com\/f\/1FRyWGiQzc4RvZOKrHkjOz7gSP6AbEzJsM8ZCXhBG2cKHDGflOOYesT97bNlfzuJt\">t\u00e4\u00e4lt\u00e4<\/a>.<\/p><p><strong>Read more about B2B influencer marketing in our articles:<\/strong><\/p><p><a href=\"https:\/\/www.indieplace.fi\/en\/b2b-yritys-nain-hyodynnat-ansaittua-mediaa\/\">B2b-yritys \u2013 n\u00e4in hy\u00f6dynn\u00e4t ansaittua mediaa<\/a><\/p>\t\t\t\t\t\t\t\t<\/div>\n\t\t\t\t<\/div>\n\t\t\t\t\t<\/div>\n\t\t<\/div>\n\t\t\t\t<div class=\"elementor-column elementor-col-33 elementor-top-column elementor-element elementor-element-4dc6347\" data-id=\"4dc6347\" data-element_type=\"column\" data-e-type=\"column\">\n\t\t\t<div class=\"elementor-widget-wrap elementor-element-populated\">\n\t\t\t\t\t\t<div class=\"elementor-element elementor-element-7f3cb1e elementor-widget elementor-widget-heading\" data-id=\"7f3cb1e\" data-element_type=\"widget\" data-e-type=\"widget\" data-widget_type=\"heading.default\">\n\t\t\t\t<div class=\"elementor-widget-container\">\n\t\t\t\t\t<h2 class=\"elementor-heading-title elementor-size-default\">Ask more from our experts<\/h2>\t\t\t\t<\/div>\n\t\t\t\t<\/div>\n\t\t\t\t<div class=\"elementor-element elementor-element-97ecb7e elementor-grid-1 elementor-grid-tablet-1 elementor-grid-mobile-1 elementor-posts--thumbnail-top elementor-widget elementor-widget-posts\" data-id=\"97ecb7e\" data-element_type=\"widget\" data-e-type=\"widget\" data-settings=\"{&quot;classic_columns&quot;:&quot;1&quot;,&quot;pagination_type&quot;:&quot;numbers&quot;,&quot;classic_columns_tablet&quot;:&quot;1&quot;,&quot;classic_columns_mobile&quot;:&quot;1&quot;,&quot;classic_row_gap&quot;:{&quot;unit&quot;:&quot;px&quot;,&quot;size&quot;:35,&quot;sizes&quot;:[]},&quot;classic_row_gap_tablet&quot;:{&quot;unit&quot;:&quot;px&quot;,&quot;size&quot;:&quot;&quot;,&quot;sizes&quot;:[]},&quot;classic_row_gap_mobile&quot;:{&quot;unit&quot;:&quot;px&quot;,&quot;size&quot;:&quot;&quot;,&quot;sizes&quot;:[]}}\" data-widget_type=\"posts.classic\">\n\t\t\t\t<div class=\"elementor-widget-container\">\n\t\t\t\t\t\t\t<div class=\"elementor-posts-container elementor-posts elementor-posts--skin-classic elementor-grid\" role=\"list\">\n\t\t\t\t<article class=\"elementor-post elementor-grid-item post-10110 henkilot type-henkilot status-publish has-post-thumbnail hentry tiimit-pr tyotiimi-myyntitiimi\" role=\"listitem\">\n\t\t\t\t<a class=\"elementor-post__thumbnail__link\" href=\"https:\/\/www.indieplace.fi\/en\/henkilot\/sonja-koistinen\/\" tabindex=\"-1\" >\n\t\t\t<div class=\"elementor-post__thumbnail\"><img fetchpriority=\"high\" decoding=\"async\" width=\"768\" height=\"1152\" src=\"https:\/\/www.indieplace.fi\/wp-content\/uploads\/2022\/08\/Sonja-768x1152.jpg\" class=\"attachment-medium_large size-medium_large wp-image-31411\" alt=\"\" srcset=\"https:\/\/www.indieplace.fi\/wp-content\/uploads\/2022\/08\/Sonja-768x1152.jpg 768w, https:\/\/www.indieplace.fi\/wp-content\/uploads\/2022\/08\/Sonja-300x450.jpg 300w, https:\/\/www.indieplace.fi\/wp-content\/uploads\/2022\/08\/Sonja-1024x1536.jpg 1024w, https:\/\/www.indieplace.fi\/wp-content\/uploads\/2022\/08\/Sonja-1365x2048.jpg 1365w, https:\/\/www.indieplace.fi\/wp-content\/uploads\/2022\/08\/Sonja-8x12.jpg 8w, https:\/\/www.indieplace.fi\/wp-content\/uploads\/2022\/08\/Sonja-scaled.jpg 1707w\" sizes=\"(max-width: 768px) 100vw, 768px\" \/><\/div>\n\t\t<\/a>\n\t\t\t\t<div class=\"elementor-post__text\">\n\t\t\t\t<h3 class=\"elementor-post__title\">\n\t\t\t<a href=\"https:\/\/www.indieplace.fi\/en\/henkilot\/sonja-koistinen\/\" >\n\t\t\t\tSonja Koistinen\t\t\t<\/a>\n\t\t<\/h3>\n\t\t\t\t<div class=\"elementor-post__excerpt\">\n\t\t\t<p>Creative &amp; Influencer Marketing Lead sonja.koistinen@indieplace.fi +358 50 548 5599<\/p>\n\t\t<\/div>\n\t\t\t\t<\/div>\n\t\t\t\t<\/article>\n\t\t\t\t<article class=\"elementor-post elementor-grid-item post-10218 henkilot type-henkilot status-publish has-post-thumbnail hentry tiimit-vaikuttajamarkkinointi tyotiimi-myyntitiimi\" role=\"listitem\">\n\t\t\t\t<a class=\"elementor-post__thumbnail__link\" href=\"https:\/\/www.indieplace.fi\/en\/henkilot\/pauliina-paakki\/\" tabindex=\"-1\" >\n\t\t\t<div class=\"elementor-post__thumbnail\"><img decoding=\"async\" width=\"768\" height=\"1150\" src=\"https:\/\/www.indieplace.fi\/wp-content\/uploads\/2022\/06\/Paakki-768x1150.jpg\" class=\"attachment-medium_large size-medium_large wp-image-31405\" alt=\"\" srcset=\"https:\/\/www.indieplace.fi\/wp-content\/uploads\/2022\/06\/Paakki-768x1150.jpg 768w, https:\/\/www.indieplace.fi\/wp-content\/uploads\/2022\/06\/Paakki-300x449.jpg 300w, https:\/\/www.indieplace.fi\/wp-content\/uploads\/2022\/06\/Paakki-1024x1533.jpg 1024w, https:\/\/www.indieplace.fi\/wp-content\/uploads\/2022\/06\/Paakki-1026x1536.jpg 1026w, https:\/\/www.indieplace.fi\/wp-content\/uploads\/2022\/06\/Paakki-1368x2048.jpg 1368w, https:\/\/www.indieplace.fi\/wp-content\/uploads\/2022\/06\/Paakki-8x12.jpg 8w, https:\/\/www.indieplace.fi\/wp-content\/uploads\/2022\/06\/Paakki-scaled.jpg 1710w\" sizes=\"(max-width: 768px) 100vw, 768px\" \/><\/div>\n\t\t<\/a>\n\t\t\t\t<div class=\"elementor-post__text\">\n\t\t\t\t<h3 class=\"elementor-post__title\">\n\t\t\t<a href=\"https:\/\/www.indieplace.fi\/en\/henkilot\/pauliina-paakki\/\" >\n\t\t\t\tPauliina Liljavirta\t\t\t<\/a>\n\t\t<\/h3>\n\t\t\t\t<div class=\"elementor-post__excerpt\">\n\t\t\t<p>CEO pauliina.liljavirta@indieplace.fi +358 44 772 7655<\/p>\n\t\t<\/div>\n\t\t\t\t<\/div>\n\t\t\t\t<\/article>\n\t\t\t\t<article class=\"elementor-post elementor-grid-item post-10487 henkilot type-henkilot status-publish has-post-thumbnail hentry tiimit-vaikuttajamarkkinointi tyotiimi-myyntitiimi\" role=\"listitem\">\n\t\t\t\t<a class=\"elementor-post__thumbnail__link\" href=\"https:\/\/www.indieplace.fi\/en\/henkilot\/anna-bjorklund\/\" tabindex=\"-1\" >\n\t\t\t<div class=\"elementor-post__thumbnail\"><img decoding=\"async\" width=\"768\" height=\"1152\" src=\"https:\/\/www.indieplace.fi\/wp-content\/uploads\/2022\/08\/Indieplace-Pajunen-hassuttelu-1-768x1152.png\" class=\"attachment-medium_large size-medium_large wp-image-31722\" alt=\"\" srcset=\"https:\/\/www.indieplace.fi\/wp-content\/uploads\/2022\/08\/Indieplace-Pajunen-hassuttelu-1-768x1152.png 768w, https:\/\/www.indieplace.fi\/wp-content\/uploads\/2022\/08\/Indieplace-Pajunen-hassuttelu-1-300x450.png 300w, https:\/\/www.indieplace.fi\/wp-content\/uploads\/2022\/08\/Indieplace-Pajunen-hassuttelu-1-1024x1536.png 1024w, https:\/\/www.indieplace.fi\/wp-content\/uploads\/2022\/08\/Indieplace-Pajunen-hassuttelu-1-1365x2048.png 1365w, https:\/\/www.indieplace.fi\/wp-content\/uploads\/2022\/08\/Indieplace-Pajunen-hassuttelu-1-8x12.png 8w, https:\/\/www.indieplace.fi\/wp-content\/uploads\/2022\/08\/Indieplace-Pajunen-hassuttelu-1-scaled.png 1707w\" sizes=\"(max-width: 768px) 100vw, 768px\" \/><\/div>\n\t\t<\/a>\n\t\t\t\t<div class=\"elementor-post__text\">\n\t\t\t\t<h3 class=\"elementor-post__title\">\n\t\t\t<a href=\"https:\/\/www.indieplace.fi\/en\/henkilot\/anna-bjorklund\/\" >\n\t\t\t\tAnna Bj\u00f6rklund\t\t\t<\/a>\n\t\t<\/h3>\n\t\t\t\t<div class=\"elementor-post__excerpt\">\n\t\t\t<p>Key Account Manager anna.bjorklund@indieplace.fi +358 50 022 1994 &nbsp;<\/p>\n\t\t<\/div>\n\t\t\t\t<\/div>\n\t\t\t\t<\/article>\n\t\t\t\t<\/div>\n\t\t\n\t\t\t\t\t\t<\/div>\n\t\t\t\t<\/div>\n\t\t\t\t\t<\/div>\n\t\t<\/div>\n\t\t\t\t\t<\/div>\n\t\t<\/section>\n\t\t\t\t<section class=\"elementor-section elementor-top-section elementor-element elementor-element-e7b4ca6 elementor-section-height-full elementor-hidden-desktop elementor-hidden-tablet elementor-hidden-mobile elementor-section-boxed elementor-section-height-default elementor-section-items-middle\" data-id=\"e7b4ca6\" data-element_type=\"section\" data-e-type=\"section\" data-settings=\"{&quot;background_background&quot;:&quot;classic&quot;}\">\n\t\t\t\t\t\t<div class=\"elementor-container elementor-column-gap-default\">\n\t\t\t\t\t<div class=\"elementor-column elementor-col-100 elementor-top-column elementor-element elementor-element-c0dbc27\" data-id=\"c0dbc27\" data-element_type=\"column\" data-e-type=\"column\">\n\t\t\t<div class=\"elementor-widget-wrap elementor-element-populated\">\n\t\t\t\t\t\t<div class=\"elementor-element elementor-element-236c03b elementor-widget elementor-widget-heading\" data-id=\"236c03b\" data-element_type=\"widget\" data-e-type=\"widget\" data-widget_type=\"heading.default\">\n\t\t\t\t<div class=\"elementor-widget-container\">\n\t\t\t\t\t<h2 class=\"elementor-heading-title elementor-size-default\">Esimerkkej\u00e4 sis\u00e4ll\u00f6ntuotannon toteutuksistamme<\/h2>\t\t\t\t<\/div>\n\t\t\t\t<\/div>\n\t\t\t\t\t<\/div>\n\t\t<\/div>\n\t\t\t\t\t<\/div>\n\t\t<\/section>\n\t\t\t\t<\/div>","protected":false},"excerpt":{"rendered":"<p>B2B-vaikuttaja-markkinointi LinkedIn, Meta, podcastit, asiantuntijajulkaisut, blogit, webinaarit ja live-tapahtumat B2B-vaikuttajamarkkinointi on tehokas tapa kirkastaa yrityksen erottuvuustekij\u00f6it\u00e4 ja vahvistaa br\u00e4ndimielikuvaa. Vaikuttajamarkkinointi ei ole vain B2C-br\u00e4ndien pelikentt\u00e4 \u2013 my\u00f6s B2B-maailmassa aidot tarinat, inhimillisyys, strateginen sis\u00e4ll\u00f6ntuotanto ja asiantuntijuus ovat avainasemassa. Oikeiden vaikuttajien avulla voidaan rakentaa luottamusta ja uskottavuutta sek\u00e4 tavoittaa p\u00e4\u00e4tt\u00e4j\u00e4t ja asiantuntijat niiss\u00e4 kanavissa, joissa he ovat [&hellip;]<\/p>\n","protected":false},"author":1,"featured_media":0,"parent":6699,"menu_order":0,"comment_status":"closed","ping_status":"closed","template":"","meta":{"content-type":"","footnotes":""},"class_list":["post-30963","page","type-page","status-publish","hentry"],"yoast_head":"<!-- This site is optimized with the Yoast SEO plugin v26.6 - https:\/\/yoast.com\/wordpress\/plugins\/seo\/ -->\n<title>B2B-vaikuttajamarkkinointi - Indieplace<\/title>\n<meta name=\"description\" content=\"Vaikuttajamarkkinointi ei ole vain B2C-br\u00e4ndien pelikentt\u00e4 \u2013 my\u00f6s B2B-maailmassa aidot tarinat ja asiantuntijuus ovat avainasemassa.\" \/>\n<meta name=\"robots\" content=\"index, follow, max-snippet:-1, max-image-preview:large, max-video-preview:-1\" \/>\n<link rel=\"canonical\" href=\"https:\/\/www.indieplace.fi\/en\/palvelut\/b2b-vaikuttajamarkkinointi\/\" \/>\n<meta property=\"og:locale\" content=\"en_GB\" \/>\n<meta property=\"og:type\" content=\"article\" \/>\n<meta property=\"og:title\" content=\"B2B-vaikuttajamarkkinointi - Indieplace\" \/>\n<meta property=\"og:description\" content=\"Vaikuttajamarkkinointi ei ole vain B2C-br\u00e4ndien pelikentt\u00e4 \u2013 my\u00f6s B2B-maailmassa aidot tarinat ja asiantuntijuus ovat avainasemassa.\" \/>\n<meta property=\"og:url\" content=\"https:\/\/www.indieplace.fi\/en\/palvelut\/b2b-vaikuttajamarkkinointi\/\" \/>\n<meta property=\"og:site_name\" content=\"Indieplace\" \/>\n<meta property=\"article:modified_time\" content=\"2025-02-26T06:15:42+00:00\" \/>\n<meta name=\"twitter:card\" content=\"summary_large_image\" \/>\n<meta name=\"twitter:label1\" content=\"Estimated reading time\" \/>\n\t<meta name=\"twitter:data1\" content=\"3 minutes\" \/>\n<script type=\"application\/ld+json\" class=\"yoast-schema-graph\">{\"@context\":\"https:\/\/schema.org\",\"@graph\":[{\"@type\":\"WebPage\",\"@id\":\"https:\/\/www.indieplace.fi\/palvelut\/b2b-vaikuttajamarkkinointi\/\",\"url\":\"https:\/\/www.indieplace.fi\/palvelut\/b2b-vaikuttajamarkkinointi\/\",\"name\":\"B2B-vaikuttajamarkkinointi - Indieplace\",\"isPartOf\":{\"@id\":\"https:\/\/www.indieplace.fi\/#website\"},\"datePublished\":\"2025-02-19T04:48:27+00:00\",\"dateModified\":\"2025-02-26T06:15:42+00:00\",\"description\":\"Vaikuttajamarkkinointi ei ole vain B2C-br\u00e4ndien pelikentt\u00e4 \u2013 my\u00f6s B2B-maailmassa aidot tarinat ja asiantuntijuus ovat avainasemassa.\",\"breadcrumb\":{\"@id\":\"https:\/\/www.indieplace.fi\/palvelut\/b2b-vaikuttajamarkkinointi\/#breadcrumb\"},\"inLanguage\":\"en-GB\",\"potentialAction\":[{\"@type\":\"ReadAction\",\"target\":[\"https:\/\/www.indieplace.fi\/palvelut\/b2b-vaikuttajamarkkinointi\/\"]}]},{\"@type\":\"BreadcrumbList\",\"@id\":\"https:\/\/www.indieplace.fi\/palvelut\/b2b-vaikuttajamarkkinointi\/#breadcrumb\",\"itemListElement\":[{\"@type\":\"ListItem\",\"position\":1,\"name\":\"Home\",\"item\":\"https:\/\/www.indieplace.fi\/\"},{\"@type\":\"ListItem\",\"position\":2,\"name\":\"Palvelumme\",\"item\":\"https:\/\/www.indieplace.fi\/palvelut\/\"},{\"@type\":\"ListItem\",\"position\":3,\"name\":\"B2B-vaikuttajamarkkinointi\"}]},{\"@type\":\"WebSite\",\"@id\":\"https:\/\/www.indieplace.fi\/#website\",\"url\":\"https:\/\/www.indieplace.fi\/\",\"name\":\"Indieplace\",\"description\":\"Indieplacen uusimmat kuulumiset. Lue ja pysy k\u00e4rryill\u00e4 some-ja vaikuttajamarkkinoinnin ajankohtaisista asioista.\",\"publisher\":{\"@id\":\"https:\/\/www.indieplace.fi\/#organization\"},\"potentialAction\":[{\"@type\":\"SearchAction\",\"target\":{\"@type\":\"EntryPoint\",\"urlTemplate\":\"https:\/\/www.indieplace.fi\/?s={search_term_string}\"},\"query-input\":{\"@type\":\"PropertyValueSpecification\",\"valueRequired\":true,\"valueName\":\"search_term_string\"}}],\"inLanguage\":\"en-GB\"},{\"@type\":\"Organization\",\"@id\":\"https:\/\/www.indieplace.fi\/#organization\",\"name\":\"Indieplace\",\"url\":\"https:\/\/www.indieplace.fi\/\",\"logo\":{\"@type\":\"ImageObject\",\"inLanguage\":\"en-GB\",\"@id\":\"https:\/\/www.indieplace.fi\/#\/schema\/logo\/image\/\",\"url\":\"https:\/\/www.indieplace.fi\/wp-content\/uploads\/2021\/01\/cropped-indieplace-logo-circle-white-e1666243724993.png\",\"contentUrl\":\"https:\/\/www.indieplace.fi\/wp-content\/uploads\/2021\/01\/cropped-indieplace-logo-circle-white-e1666243724993.png\",\"width\":300,\"height\":257,\"caption\":\"Indieplace\"},\"image\":{\"@id\":\"https:\/\/www.indieplace.fi\/#\/schema\/logo\/image\/\"},\"sameAs\":[\"https:\/\/www.instagram.com\/indieplace\/\"]}]}<\/script>\n<!-- \/ Yoast SEO plugin. -->","yoast_head_json":{"title":"B2B-vaikuttajamarkkinointi - Indieplace","description":"Vaikuttajamarkkinointi ei ole vain B2C-br\u00e4ndien pelikentt\u00e4 \u2013 my\u00f6s B2B-maailmassa aidot tarinat ja asiantuntijuus ovat avainasemassa.","robots":{"index":"index","follow":"follow","max-snippet":"max-snippet:-1","max-image-preview":"max-image-preview:large","max-video-preview":"max-video-preview:-1"},"canonical":"https:\/\/www.indieplace.fi\/en\/palvelut\/b2b-vaikuttajamarkkinointi\/","og_locale":"en_GB","og_type":"article","og_title":"B2B-vaikuttajamarkkinointi - Indieplace","og_description":"Vaikuttajamarkkinointi ei ole vain B2C-br\u00e4ndien pelikentt\u00e4 \u2013 my\u00f6s B2B-maailmassa aidot tarinat ja asiantuntijuus ovat avainasemassa.","og_url":"https:\/\/www.indieplace.fi\/en\/palvelut\/b2b-vaikuttajamarkkinointi\/","og_site_name":"Indieplace","article_modified_time":"2025-02-26T06:15:42+00:00","twitter_card":"summary_large_image","twitter_misc":{"Estimated reading time":"3 minutes"},"schema":{"@context":"https:\/\/schema.org","@graph":[{"@type":"WebPage","@id":"https:\/\/www.indieplace.fi\/palvelut\/b2b-vaikuttajamarkkinointi\/","url":"https:\/\/www.indieplace.fi\/palvelut\/b2b-vaikuttajamarkkinointi\/","name":"B2B-vaikuttajamarkkinointi - Indieplace","isPartOf":{"@id":"https:\/\/www.indieplace.fi\/#website"},"datePublished":"2025-02-19T04:48:27+00:00","dateModified":"2025-02-26T06:15:42+00:00","description":"Vaikuttajamarkkinointi ei ole vain B2C-br\u00e4ndien pelikentt\u00e4 \u2013 my\u00f6s B2B-maailmassa aidot tarinat ja asiantuntijuus ovat avainasemassa.","breadcrumb":{"@id":"https:\/\/www.indieplace.fi\/palvelut\/b2b-vaikuttajamarkkinointi\/#breadcrumb"},"inLanguage":"en-GB","potentialAction":[{"@type":"ReadAction","target":["https:\/\/www.indieplace.fi\/palvelut\/b2b-vaikuttajamarkkinointi\/"]}]},{"@type":"BreadcrumbList","@id":"https:\/\/www.indieplace.fi\/palvelut\/b2b-vaikuttajamarkkinointi\/#breadcrumb","itemListElement":[{"@type":"ListItem","position":1,"name":"Home","item":"https:\/\/www.indieplace.fi\/"},{"@type":"ListItem","position":2,"name":"Palvelumme","item":"https:\/\/www.indieplace.fi\/palvelut\/"},{"@type":"ListItem","position":3,"name":"B2B-vaikuttajamarkkinointi"}]},{"@type":"WebSite","@id":"https:\/\/www.indieplace.fi\/#website","url":"https:\/\/www.indieplace.fi\/","name":"Indieplace","description":"Indieplacen uusimmat kuulumiset. Lue ja pysy k\u00e4rryill\u00e4 some-ja vaikuttajamarkkinoinnin ajankohtaisista asioista.","publisher":{"@id":"https:\/\/www.indieplace.fi\/#organization"},"potentialAction":[{"@type":"SearchAction","target":{"@type":"EntryPoint","urlTemplate":"https:\/\/www.indieplace.fi\/?s={search_term_string}"},"query-input":{"@type":"PropertyValueSpecification","valueRequired":true,"valueName":"search_term_string"}}],"inLanguage":"en-GB"},{"@type":"Organization","@id":"https:\/\/www.indieplace.fi\/#organization","name":"Indieplace","url":"https:\/\/www.indieplace.fi\/","logo":{"@type":"ImageObject","inLanguage":"en-GB","@id":"https:\/\/www.indieplace.fi\/#\/schema\/logo\/image\/","url":"https:\/\/www.indieplace.fi\/wp-content\/uploads\/2021\/01\/cropped-indieplace-logo-circle-white-e1666243724993.png","contentUrl":"https:\/\/www.indieplace.fi\/wp-content\/uploads\/2021\/01\/cropped-indieplace-logo-circle-white-e1666243724993.png","width":300,"height":257,"caption":"Indieplace"},"image":{"@id":"https:\/\/www.indieplace.fi\/#\/schema\/logo\/image\/"},"sameAs":["https:\/\/www.instagram.com\/indieplace\/"]}]}},"_links":{"self":[{"href":"https:\/\/www.indieplace.fi\/en\/wp-json\/wp\/v2\/pages\/30963","targetHints":{"allow":["GET"]}}],"collection":[{"href":"https:\/\/www.indieplace.fi\/en\/wp-json\/wp\/v2\/pages"}],"about":[{"href":"https:\/\/www.indieplace.fi\/en\/wp-json\/wp\/v2\/types\/page"}],"author":[{"embeddable":true,"href":"https:\/\/www.indieplace.fi\/en\/wp-json\/wp\/v2\/users\/1"}],"replies":[{"embeddable":true,"href":"https:\/\/www.indieplace.fi\/en\/wp-json\/wp\/v2\/comments?post=30963"}],"version-history":[{"count":36,"href":"https:\/\/www.indieplace.fi\/en\/wp-json\/wp\/v2\/pages\/30963\/revisions"}],"predecessor-version":[{"id":31325,"href":"https:\/\/www.indieplace.fi\/en\/wp-json\/wp\/v2\/pages\/30963\/revisions\/31325"}],"up":[{"embeddable":true,"href":"https:\/\/www.indieplace.fi\/en\/wp-json\/wp\/v2\/pages\/6699"}],"wp:attachment":[{"href":"https:\/\/www.indieplace.fi\/en\/wp-json\/wp\/v2\/media?parent=30963"}],"curies":[{"name":"wp","href":"https:\/\/api.w.org\/{rel}","templated":true}]}}