{"id":7248,"date":"2021-01-18T10:33:33","date_gmt":"2021-01-18T08:33:33","guid":{"rendered":"https:\/\/www.indieplace.fi\/?page_id=7248"},"modified":"2025-02-20T07:02:21","modified_gmt":"2025-02-20T05:02:21","slug":"vaikuttajahakemus","status":"publish","type":"page","link":"https:\/\/www.indieplace.fi\/en\/vaikuttajahakemus\/","title":{"rendered":"Vaikuttajahakemus"},"content":{"rendered":"<div data-elementor-type=\"wp-page\" data-elementor-id=\"7248\" class=\"elementor elementor-7248\" data-elementor-post-type=\"page\">\n\t\t\t\t\t\t<section class=\"elementor-section elementor-top-section elementor-element elementor-element-6d40319 elementor-section-height-full elementor-section-boxed elementor-section-height-default elementor-section-items-middle\" data-id=\"6d40319\" data-element_type=\"section\" data-e-type=\"section\" data-settings=\"{&quot;background_background&quot;:&quot;classic&quot;}\">\n\t\t\t\t\t\t<div class=\"elementor-container elementor-column-gap-default\">\n\t\t\t\t\t<div class=\"elementor-column elementor-col-50 elementor-top-column elementor-element elementor-element-35532fd\" data-id=\"35532fd\" data-element_type=\"column\" data-e-type=\"column\">\n\t\t\t<div class=\"elementor-widget-wrap elementor-element-populated\">\n\t\t\t\t\t\t<div class=\"elementor-element elementor-element-04df04b elementor-widget elementor-widget-heading\" data-id=\"04df04b\" data-element_type=\"widget\" data-e-type=\"widget\" data-widget_type=\"heading.default\">\n\t\t\t\t<div class=\"elementor-widget-container\">\n\t\t\t\t\t<h2 class=\"elementor-heading-title elementor-size-default\">Sinustako uusi vaikuttaja verkostoomme?<\/h2>\t\t\t\t<\/div>\n\t\t\t\t<\/div>\n\t\t\t\t<div class=\"elementor-element elementor-element-fbbbb39 elementor-widget elementor-widget-text-editor\" data-id=\"fbbbb39\" data-element_type=\"widget\" data-e-type=\"widget\" data-widget_type=\"text-editor.default\">\n\t\t\t\t<div class=\"elementor-widget-container\">\n\t\t\t\t\t\t\t\t\t<p>Vaikuttajakentt\u00e4 kaipaa monimuotoisuutta \u2013 jos koet olevasi aidosti vaikuttava,\u00a0 t\u00e4yt\u00e4 vaikuttajahakemus ja hae\u00a0 yhteisty\u00f6vaikuttajaksemme alla olevalla lomakkeella.<\/p><p class=\"MsoNormal\">Tutustu <a href=\"https:\/\/www.indieplace.fi\/en\/artikkelit\/\">artikkeleihimme<\/a> ja tsekkaa etenkin n\u00e4m\u00e4:<\/p><p class=\"MsoNormal\"><a href=\"https:\/\/www.indieplace.fi\/en\/vaikuttajapalkkiot-mita-jokaisen-brandin-tulisi-tietaa\/\">Vaikuttajapalkkiot \u2013 mit\u00e4 jokaisen br\u00e4ndin tulisi tiet\u00e4\u00e4<\/a><\/p><p class=\"MsoNormal\"><a href=\"https:\/\/www.indieplace.fi\/en\/temppuileeko-tiktokin-algoritmi-vai-missasitko-vain-nama\/\">Temppuileeko TikToki algoritmi vai missasitko vain n\u00e4m\u00e4?<\/a><\/p>\t\t\t\t\t\t\t\t<\/div>\n\t\t\t\t<\/div>\n\t\t\t\t\t<\/div>\n\t\t<\/div>\n\t\t\t\t<div class=\"elementor-column elementor-col-50 elementor-top-column elementor-element elementor-element-9ee62e7\" data-id=\"9ee62e7\" data-element_type=\"column\" data-e-type=\"column\">\n\t\t\t<div class=\"elementor-widget-wrap elementor-element-populated\">\n\t\t\t\t\t\t<div class=\"elementor-element elementor-element-5a69b25 elementor-widget elementor-widget-image\" data-id=\"5a69b25\" data-element_type=\"widget\" data-e-type=\"widget\" data-widget_type=\"image.default\">\n\t\t\t\t<div class=\"elementor-widget-container\">\n\t\t\t\t\t\t\t\t\t\t\t\t\t\t\t<img fetchpriority=\"high\" decoding=\"async\" width=\"649\" height=\"1155\" src=\"https:\/\/www.indieplace.fi\/wp-content\/uploads\/2021\/01\/Palvelut_sammal-tilaisuudet-portrait.jpg\" class=\"attachment-large size-large wp-image-7165\" alt=\"\" srcset=\"https:\/\/www.indieplace.fi\/wp-content\/uploads\/2021\/01\/Palvelut_sammal-tilaisuudet-portrait.jpg 649w, https:\/\/www.indieplace.fi\/wp-content\/uploads\/2021\/01\/Palvelut_sammal-tilaisuudet-portrait-300x534.jpg 300w\" sizes=\"(max-width: 649px) 100vw, 649px\" \/>\t\t\t\t\t\t\t\t\t\t\t\t\t\t\t<\/div>\n\t\t\t\t<\/div>\n\t\t\t\t\t<\/div>\n\t\t<\/div>\n\t\t\t\t\t<\/div>\n\t\t<\/section>\n\t\t\t\t<section class=\"elementor-section elementor-top-section elementor-element elementor-element-d330758 elementor-section-boxed elementor-section-height-default elementor-section-height-default\" data-id=\"d330758\" data-element_type=\"section\" data-e-type=\"section\" data-settings=\"{&quot;background_background&quot;:&quot;classic&quot;}\">\n\t\t\t\t\t\t<div class=\"elementor-container elementor-column-gap-default\">\n\t\t\t\t\t<div class=\"elementor-column elementor-col-100 elementor-top-column elementor-element elementor-element-9551871\" data-id=\"9551871\" data-element_type=\"column\" data-e-type=\"column\">\n\t\t\t<div class=\"elementor-widget-wrap elementor-element-populated\">\n\t\t\t\t\t\t<div class=\"elementor-element elementor-element-54fdafb elementor-widget elementor-widget-html\" data-id=\"54fdafb\" data-element_type=\"widget\" data-e-type=\"widget\" data-widget_type=\"html.default\">\n\t\t\t\t<div class=\"elementor-widget-container\">\n\t\t\t\t\t<div class=\"pipedriveWebForms\" data-pd-webforms=\"https:\/\/webforms.pipedrive.com\/f\/1yqFY8E9IBiKF222Uuai8kP4sC6frJQG13mqYuy0RueGzpWM3cFBAWuJ63Esa20wz\"><script src=\"https:\/\/webforms.pipedrive.com\/f\/loader\"><\/script><\/div>\t\t\t\t<\/div>\n\t\t\t\t<\/div>\n\t\t\t\t\t<\/div>\n\t\t<\/div>\n\t\t\t\t\t<\/div>\n\t\t<\/section>\n\t\t\t\t<\/div>","protected":false},"excerpt":{"rendered":"<p>Sinustako uusi vaikuttaja verkostoomme? Vaikuttajakentt\u00e4 kaipaa monimuotoisuutta \u2013 jos koet olevasi aidosti vaikuttava,\u00a0 t\u00e4yt\u00e4 vaikuttajahakemus ja hae\u00a0 yhteisty\u00f6vaikuttajaksemme alla olevalla lomakkeella. Tutustu artikkeleihimme ja tsekkaa etenkin n\u00e4m\u00e4: Vaikuttajapalkkiot \u2013 mit\u00e4 jokaisen br\u00e4ndin tulisi tiet\u00e4\u00e4 Temppuileeko TikToki algoritmi vai missasitko vain n\u00e4m\u00e4?<\/p>","protected":false},"author":1,"featured_media":0,"parent":0,"menu_order":0,"comment_status":"closed","ping_status":"closed","template":"","meta":{"content-type":"","footnotes":""},"class_list":["post-7248","page","type-page","status-publish","hentry"],"yoast_head":"<!-- This site is optimized with the Yoast SEO plugin v26.6 - https:\/\/yoast.com\/wordpress\/plugins\/seo\/ -->\n<title>Vaikuttajahakemus - vaikuttajaksi Indieplacelle?<\/title>\n<meta name=\"description\" content=\"Jos koet olevasi aidosti vaikuttava, t\u00e4yt\u00e4 vaikuttajahakemus ja hae yhteisty\u00f6vaikuttajaksemme alla olevalla lomakkeella.\" \/>\n<meta name=\"robots\" content=\"index, follow, max-snippet:-1, max-image-preview:large, max-video-preview:-1\" \/>\n<link rel=\"canonical\" href=\"https:\/\/www.indieplace.fi\/en\/vaikuttajahakemus\/\" \/>\n<meta property=\"og:locale\" content=\"en_GB\" \/>\n<meta property=\"og:type\" content=\"article\" \/>\n<meta property=\"og:title\" content=\"Vaikuttajahakemus - vaikuttajaksi Indieplacelle?\" \/>\n<meta property=\"og:description\" content=\"Jos koet olevasi aidosti vaikuttava, t\u00e4yt\u00e4 vaikuttajahakemus ja hae yhteisty\u00f6vaikuttajaksemme alla olevalla lomakkeella.\" \/>\n<meta property=\"og:url\" content=\"https:\/\/www.indieplace.fi\/en\/vaikuttajahakemus\/\" \/>\n<meta property=\"og:site_name\" content=\"Indieplace\" \/>\n<meta property=\"article:modified_time\" content=\"2025-02-20T05:02:21+00:00\" \/>\n<meta property=\"og:image\" content=\"https:\/\/www.indieplace.fi\/wp-content\/uploads\/2021\/01\/Palvelut_sammal-tilaisuudet-portrait.jpg\" \/>\n<meta name=\"twitter:card\" content=\"summary_large_image\" \/>\n<meta name=\"twitter:label1\" content=\"Estimated reading time\" \/>\n\t<meta name=\"twitter:data1\" content=\"1 minute\" \/>\n<script type=\"application\/ld+json\" class=\"yoast-schema-graph\">{\"@context\":\"https:\/\/schema.org\",\"@graph\":[{\"@type\":\"WebPage\",\"@id\":\"https:\/\/www.indieplace.fi\/vaikuttajahakemus\/\",\"url\":\"https:\/\/www.indieplace.fi\/vaikuttajahakemus\/\",\"name\":\"Vaikuttajahakemus - vaikuttajaksi Indieplacelle?\",\"isPartOf\":{\"@id\":\"https:\/\/www.indieplace.fi\/#website\"},\"primaryImageOfPage\":{\"@id\":\"https:\/\/www.indieplace.fi\/vaikuttajahakemus\/#primaryimage\"},\"image\":{\"@id\":\"https:\/\/www.indieplace.fi\/vaikuttajahakemus\/#primaryimage\"},\"thumbnailUrl\":\"https:\/\/www.indieplace.fi\/wp-content\/uploads\/2021\/01\/Palvelut_sammal-tilaisuudet-portrait.jpg\",\"datePublished\":\"2021-01-18T08:33:33+00:00\",\"dateModified\":\"2025-02-20T05:02:21+00:00\",\"description\":\"Jos koet olevasi aidosti vaikuttava, t\u00e4yt\u00e4 vaikuttajahakemus ja hae yhteisty\u00f6vaikuttajaksemme alla olevalla lomakkeella.\",\"breadcrumb\":{\"@id\":\"https:\/\/www.indieplace.fi\/vaikuttajahakemus\/#breadcrumb\"},\"inLanguage\":\"en-GB\",\"potentialAction\":[{\"@type\":\"ReadAction\",\"target\":[\"https:\/\/www.indieplace.fi\/vaikuttajahakemus\/\"]}]},{\"@type\":\"ImageObject\",\"inLanguage\":\"en-GB\",\"@id\":\"https:\/\/www.indieplace.fi\/vaikuttajahakemus\/#primaryimage\",\"url\":\"https:\/\/www.indieplace.fi\/wp-content\/uploads\/2021\/01\/Palvelut_sammal-tilaisuudet-portrait.jpg\",\"contentUrl\":\"https:\/\/www.indieplace.fi\/wp-content\/uploads\/2021\/01\/Palvelut_sammal-tilaisuudet-portrait.jpg\"},{\"@type\":\"BreadcrumbList\",\"@id\":\"https:\/\/www.indieplace.fi\/vaikuttajahakemus\/#breadcrumb\",\"itemListElement\":[{\"@type\":\"ListItem\",\"position\":1,\"name\":\"Home\",\"item\":\"https:\/\/www.indieplace.fi\/\"},{\"@type\":\"ListItem\",\"position\":2,\"name\":\"Vaikuttajahakemus\"}]},{\"@type\":\"WebSite\",\"@id\":\"https:\/\/www.indieplace.fi\/#website\",\"url\":\"https:\/\/www.indieplace.fi\/\",\"name\":\"Indieplace\",\"description\":\"Indieplacen uusimmat kuulumiset. Lue ja pysy k\u00e4rryill\u00e4 some-ja vaikuttajamarkkinoinnin ajankohtaisista asioista.\",\"publisher\":{\"@id\":\"https:\/\/www.indieplace.fi\/#organization\"},\"potentialAction\":[{\"@type\":\"SearchAction\",\"target\":{\"@type\":\"EntryPoint\",\"urlTemplate\":\"https:\/\/www.indieplace.fi\/?s={search_term_string}\"},\"query-input\":{\"@type\":\"PropertyValueSpecification\",\"valueRequired\":true,\"valueName\":\"search_term_string\"}}],\"inLanguage\":\"en-GB\"},{\"@type\":\"Organization\",\"@id\":\"https:\/\/www.indieplace.fi\/#organization\",\"name\":\"Indieplace\",\"url\":\"https:\/\/www.indieplace.fi\/\",\"logo\":{\"@type\":\"ImageObject\",\"inLanguage\":\"en-GB\",\"@id\":\"https:\/\/www.indieplace.fi\/#\/schema\/logo\/image\/\",\"url\":\"https:\/\/www.indieplace.fi\/wp-content\/uploads\/2021\/01\/cropped-indieplace-logo-circle-white-e1666243724993.png\",\"contentUrl\":\"https:\/\/www.indieplace.fi\/wp-content\/uploads\/2021\/01\/cropped-indieplace-logo-circle-white-e1666243724993.png\",\"width\":300,\"height\":257,\"caption\":\"Indieplace\"},\"image\":{\"@id\":\"https:\/\/www.indieplace.fi\/#\/schema\/logo\/image\/\"},\"sameAs\":[\"https:\/\/www.instagram.com\/indieplace\/\"]}]}<\/script>\n<!-- \/ Yoast SEO plugin. -->","yoast_head_json":{"title":"Vaikuttajahakemus - vaikuttajaksi Indieplacelle?","description":"Jos koet olevasi aidosti vaikuttava, t\u00e4yt\u00e4 vaikuttajahakemus ja hae yhteisty\u00f6vaikuttajaksemme alla olevalla lomakkeella.","robots":{"index":"index","follow":"follow","max-snippet":"max-snippet:-1","max-image-preview":"max-image-preview:large","max-video-preview":"max-video-preview:-1"},"canonical":"https:\/\/www.indieplace.fi\/en\/vaikuttajahakemus\/","og_locale":"en_GB","og_type":"article","og_title":"Vaikuttajahakemus - vaikuttajaksi Indieplacelle?","og_description":"Jos koet olevasi aidosti vaikuttava, t\u00e4yt\u00e4 vaikuttajahakemus ja hae yhteisty\u00f6vaikuttajaksemme alla olevalla lomakkeella.","og_url":"https:\/\/www.indieplace.fi\/en\/vaikuttajahakemus\/","og_site_name":"Indieplace","article_modified_time":"2025-02-20T05:02:21+00:00","og_image":[{"url":"https:\/\/www.indieplace.fi\/wp-content\/uploads\/2021\/01\/Palvelut_sammal-tilaisuudet-portrait.jpg","type":"","width":"","height":""}],"twitter_card":"summary_large_image","twitter_misc":{"Estimated reading time":"1 minute"},"schema":{"@context":"https:\/\/schema.org","@graph":[{"@type":"WebPage","@id":"https:\/\/www.indieplace.fi\/vaikuttajahakemus\/","url":"https:\/\/www.indieplace.fi\/vaikuttajahakemus\/","name":"Vaikuttajahakemus - vaikuttajaksi Indieplacelle?","isPartOf":{"@id":"https:\/\/www.indieplace.fi\/#website"},"primaryImageOfPage":{"@id":"https:\/\/www.indieplace.fi\/vaikuttajahakemus\/#primaryimage"},"image":{"@id":"https:\/\/www.indieplace.fi\/vaikuttajahakemus\/#primaryimage"},"thumbnailUrl":"https:\/\/www.indieplace.fi\/wp-content\/uploads\/2021\/01\/Palvelut_sammal-tilaisuudet-portrait.jpg","datePublished":"2021-01-18T08:33:33+00:00","dateModified":"2025-02-20T05:02:21+00:00","description":"Jos koet olevasi aidosti vaikuttava, t\u00e4yt\u00e4 vaikuttajahakemus ja hae yhteisty\u00f6vaikuttajaksemme alla olevalla lomakkeella.","breadcrumb":{"@id":"https:\/\/www.indieplace.fi\/vaikuttajahakemus\/#breadcrumb"},"inLanguage":"en-GB","potentialAction":[{"@type":"ReadAction","target":["https:\/\/www.indieplace.fi\/vaikuttajahakemus\/"]}]},{"@type":"ImageObject","inLanguage":"en-GB","@id":"https:\/\/www.indieplace.fi\/vaikuttajahakemus\/#primaryimage","url":"https:\/\/www.indieplace.fi\/wp-content\/uploads\/2021\/01\/Palvelut_sammal-tilaisuudet-portrait.jpg","contentUrl":"https:\/\/www.indieplace.fi\/wp-content\/uploads\/2021\/01\/Palvelut_sammal-tilaisuudet-portrait.jpg"},{"@type":"BreadcrumbList","@id":"https:\/\/www.indieplace.fi\/vaikuttajahakemus\/#breadcrumb","itemListElement":[{"@type":"ListItem","position":1,"name":"Home","item":"https:\/\/www.indieplace.fi\/"},{"@type":"ListItem","position":2,"name":"Vaikuttajahakemus"}]},{"@type":"WebSite","@id":"https:\/\/www.indieplace.fi\/#website","url":"https:\/\/www.indieplace.fi\/","name":"Indieplace","description":"Indieplacen uusimmat kuulumiset. Lue ja pysy k\u00e4rryill\u00e4 some-ja vaikuttajamarkkinoinnin ajankohtaisista asioista.","publisher":{"@id":"https:\/\/www.indieplace.fi\/#organization"},"potentialAction":[{"@type":"SearchAction","target":{"@type":"EntryPoint","urlTemplate":"https:\/\/www.indieplace.fi\/?s={search_term_string}"},"query-input":{"@type":"PropertyValueSpecification","valueRequired":true,"valueName":"search_term_string"}}],"inLanguage":"en-GB"},{"@type":"Organization","@id":"https:\/\/www.indieplace.fi\/#organization","name":"Indieplace","url":"https:\/\/www.indieplace.fi\/","logo":{"@type":"ImageObject","inLanguage":"en-GB","@id":"https:\/\/www.indieplace.fi\/#\/schema\/logo\/image\/","url":"https:\/\/www.indieplace.fi\/wp-content\/uploads\/2021\/01\/cropped-indieplace-logo-circle-white-e1666243724993.png","contentUrl":"https:\/\/www.indieplace.fi\/wp-content\/uploads\/2021\/01\/cropped-indieplace-logo-circle-white-e1666243724993.png","width":300,"height":257,"caption":"Indieplace"},"image":{"@id":"https:\/\/www.indieplace.fi\/#\/schema\/logo\/image\/"},"sameAs":["https:\/\/www.instagram.com\/indieplace\/"]}]}},"_links":{"self":[{"href":"https:\/\/www.indieplace.fi\/en\/wp-json\/wp\/v2\/pages\/7248","targetHints":{"allow":["GET"]}}],"collection":[{"href":"https:\/\/www.indieplace.fi\/en\/wp-json\/wp\/v2\/pages"}],"about":[{"href":"https:\/\/www.indieplace.fi\/en\/wp-json\/wp\/v2\/types\/page"}],"author":[{"embeddable":true,"href":"https:\/\/www.indieplace.fi\/en\/wp-json\/wp\/v2\/users\/1"}],"replies":[{"embeddable":true,"href":"https:\/\/www.indieplace.fi\/en\/wp-json\/wp\/v2\/comments?post=7248"}],"version-history":[{"count":25,"href":"https:\/\/www.indieplace.fi\/en\/wp-json\/wp\/v2\/pages\/7248\/revisions"}],"predecessor-version":[{"id":31154,"href":"https:\/\/www.indieplace.fi\/en\/wp-json\/wp\/v2\/pages\/7248\/revisions\/31154"}],"wp:attachment":[{"href":"https:\/\/www.indieplace.fi\/en\/wp-json\/wp\/v2\/media?parent=7248"}],"curies":[{"name":"wp","href":"https:\/\/api.w.org\/{rel}","templated":true}]}}